{"id":19,"date":"2015-06-29T18:27:26","date_gmt":"2015-06-29T18:27:26","guid":{"rendered":"https:\/\/www.compomill.com\/?page_id=19"},"modified":"2021-03-22T10:53:05","modified_gmt":"2021-03-22T10:53:05","slug":"events","status":"publish","type":"page","link":"https:\/\/www.compomill.com\/sv\/events\/","title":{"rendered":"Evenemang"},"content":{"rendered":"<p><\/p>\n<hr \/>\n<p style=\"text-align: justify;\"><img loading=\"lazy\" decoding=\"async\" class=\"wp-image-4779 alignright\" src=\"https:\/\/www.compomill.com\/wp-content\/uploads\/Events-rund-300x202.png\" alt=\"\" width=\"340\" height=\"229\" srcset=\"https:\/\/www.compomill.com\/wp-content\/uploads\/Events-rund-300x202.png 300w, https:\/\/www.compomill.com\/wp-content\/uploads\/Events-rund-150x101.png 150w, https:\/\/www.compomill.com\/wp-content\/uploads\/Events-rund.png 756w\" sizes=\"(max-width: 340px) 100vw, 340px\" \/><\/p>\n<p style=\"text-align: justify;\">Compomill deltar aktivt i de viktigaste branschm\u00e4ssor och andra evenemang i Norden och \u00e4r representerade \u00e4ven i m\u00e5nga internationella m\u00e4ssor. Detta \u00e4r ett bra s\u00e4tt att tr\u00e4ffa oss personligen, f\u00e5 mer information om v\u00e5r produktutbud och tillverkare samt att f\u00f6lja de senaste branschnyheterna.<\/p>\n<p style=\"text-align: justify;\"><em><strong> <a href=\"https:\/\/www.compomill.com\/contact\/\">Kontakta oss<\/a><\/strong> f\u00f6r att boka ett m\u00f6te med v\u00e5r representant p\u00e5 en kommande event.<br \/>\n<\/em><\/p>\n<p><a href=\"https:\/\/www.compomill.com\/events\/past-events\/\">Se alla tidigare evenemang<\/a><\/p>\n<p><a href=\"https:\/\/www.compomill.com\/events\/coming-events\/\">Se alla kommande evenemang<\/a><\/p>","protected":false},"excerpt":{"rendered":"<p>Compomill deltar aktivt i de viktigaste branschm\u00e4ssor och andra evenemang i Norden och \u00e4r representerade \u00e4ven i m\u00e5nga internationella m\u00e4ssor. Detta \u00e4r ett bra s\u00e4tt att tr\u00e4ffa oss personligen, f\u00e5 mer information om v\u00e5r produktutbud och tillverkare samt att f\u00f6lja de senaste branschnyheterna. Kontakta oss f\u00f6r att boka ett m\u00f6te\u2026<\/p>\n<p> <a class=\"continue-reading-link\" href=\"https:\/\/www.compomill.com\/sv\/events\/\"><span>Continue reading<\/span><i class=\"crycon-right-dir\"><\/i><\/a><\/p>\n","protected":false},"author":1,"featured_media":0,"parent":0,"menu_order":5,"comment_status":"closed","ping_status":"closed","template":"templates\/template-twocolumns-right.php","meta":{"footnotes":""},"categories":[46],"tags":[],"class_list":["post-19","page","type-page","status-publish","hentry","category-events"],"yoast_head":"<!-- This site is optimized with the Yoast SEO plugin v23.0 - https:\/\/yoast.com\/wordpress\/plugins\/seo\/ -->\n<title>Evenemang - Compomill<\/title>\n<meta name=\"robots\" content=\"index, follow, max-snippet:-1, max-image-preview:large, max-video-preview:-1\" \/>\n<link rel=\"canonical\" href=\"https:\/\/www.compomill.com\/events\/\" \/>\n<meta property=\"og:locale\" content=\"sv_SE\" \/>\n<meta property=\"og:type\" content=\"article\" \/>\n<meta property=\"og:title\" content=\"[:en]Events[:sv]Evenemang[:fi]Tapahtumat[:] - Compomill\" \/>\n<meta property=\"og:description\" content=\"Compomill deltar aktivt i de viktigaste branschm\u00e4ssor och andra evenemang i Norden och \u00e4r representerade \u00e4ven i m\u00e5nga internationella m\u00e4ssor. Detta \u00e4r ett bra s\u00e4tt att tr\u00e4ffa oss personligen, f\u00e5 mer information om v\u00e5r produktutbud och tillverkare samt att f\u00f6lja de senaste branschnyheterna. Kontakta oss f\u00f6r att boka ett m\u00f6te\u2026 Continue reading\" \/>\n<meta property=\"og:url\" content=\"https:\/\/www.compomill.com\/events\/\" \/>\n<meta property=\"og:site_name\" content=\"Compomill\" \/>\n<meta property=\"article:modified_time\" content=\"2021-03-22T10:53:05+00:00\" \/>\n<meta property=\"og:image\" content=\"https:\/\/www.compomill.com\/wp-content\/uploads\/Events-rund-300x202.png\" \/>\n<meta name=\"twitter:card\" content=\"summary_large_image\" \/>\n<meta name=\"twitter:label1\" content=\"Ber\u00e4knad l\u00e4stid\" \/>\n\t<meta name=\"twitter:data1\" content=\"1 minut\" \/>\n<script type=\"application\/ld+json\" class=\"yoast-schema-graph\">{\"@context\":\"https:\/\/schema.org\",\"@graph\":[{\"@type\":\"WebPage\",\"@id\":\"https:\/\/www.compomill.com\/events\/\",\"url\":\"https:\/\/www.compomill.com\/events\/\",\"name\":\"[:en]Events[:sv]Evenemang[:fi]Tapahtumat[:] - Compomill\",\"isPartOf\":{\"@id\":\"https:\/\/www.compomill.com\/#website\"},\"primaryImageOfPage\":{\"@id\":\"https:\/\/www.compomill.com\/events\/#primaryimage\"},\"image\":{\"@id\":\"https:\/\/www.compomill.com\/events\/#primaryimage\"},\"thumbnailUrl\":\"https:\/\/www.compomill.com\/wp-content\/uploads\/Events-rund-300x202.png\",\"datePublished\":\"2015-06-29T18:27:26+00:00\",\"dateModified\":\"2021-03-22T10:53:05+00:00\",\"breadcrumb\":{\"@id\":\"https:\/\/www.compomill.com\/events\/#breadcrumb\"},\"inLanguage\":\"sv-SE\",\"potentialAction\":[{\"@type\":\"ReadAction\",\"target\":[\"https:\/\/www.compomill.com\/events\/\"]}]},{\"@type\":\"ImageObject\",\"inLanguage\":\"sv-SE\",\"@id\":\"https:\/\/www.compomill.com\/events\/#primaryimage\",\"url\":\"https:\/\/www.compomill.com\/wp-content\/uploads\/Events-rund-300x202.png\",\"contentUrl\":\"https:\/\/www.compomill.com\/wp-content\/uploads\/Events-rund-300x202.png\"},{\"@type\":\"BreadcrumbList\",\"@id\":\"https:\/\/www.compomill.com\/events\/#breadcrumb\",\"itemListElement\":[{\"@type\":\"ListItem\",\"position\":1,\"name\":\"Home\",\"item\":\"https:\/\/www.compomill.com\/\"},{\"@type\":\"ListItem\",\"position\":2,\"name\":\"Events\"}]},{\"@type\":\"WebSite\",\"@id\":\"https:\/\/www.compomill.com\/#website\",\"url\":\"https:\/\/www.compomill.com\/\",\"name\":\"Compomill\",\"description\":\"\",\"potentialAction\":[{\"@type\":\"SearchAction\",\"target\":{\"@type\":\"EntryPoint\",\"urlTemplate\":\"https:\/\/www.compomill.com\/?s={search_term_string}\"},\"query-input\":\"required name=search_term_string\"}],\"inLanguage\":\"sv-SE\"}]}<\/script>\n<!-- \/ Yoast SEO plugin. -->","yoast_head_json":{"title":"[:en]Events[:sv]Evenemang[:fi]Tapahtumat[:] - Compomill","robots":{"index":"index","follow":"follow","max-snippet":"max-snippet:-1","max-image-preview":"max-image-preview:large","max-video-preview":"max-video-preview:-1"},"canonical":"https:\/\/www.compomill.com\/events\/","og_locale":"sv_SE","og_type":"article","og_title":"[:en]Events[:sv]Evenemang[:fi]Tapahtumat[:] - Compomill","og_description":"Compomill deltar aktivt i de viktigaste branschm\u00e4ssor och andra evenemang i Norden och \u00e4r representerade \u00e4ven i m\u00e5nga internationella m\u00e4ssor. Detta \u00e4r ett bra s\u00e4tt att tr\u00e4ffa oss personligen, f\u00e5 mer information om v\u00e5r produktutbud och tillverkare samt att f\u00f6lja de senaste branschnyheterna. Kontakta oss f\u00f6r att boka ett m\u00f6te\u2026 Continue reading","og_url":"https:\/\/www.compomill.com\/events\/","og_site_name":"Compomill","article_modified_time":"2021-03-22T10:53:05+00:00","og_image":[{"url":"https:\/\/www.compomill.com\/wp-content\/uploads\/Events-rund-300x202.png"}],"twitter_card":"summary_large_image","twitter_misc":{"Ber\u00e4knad l\u00e4stid":"1 minut"},"schema":{"@context":"https:\/\/schema.org","@graph":[{"@type":"WebPage","@id":"https:\/\/www.compomill.com\/events\/","url":"https:\/\/www.compomill.com\/events\/","name":"[:en]Events[:sv]Evenemang[:fi]Tapahtumat[:] - Compomill","isPartOf":{"@id":"https:\/\/www.compomill.com\/#website"},"primaryImageOfPage":{"@id":"https:\/\/www.compomill.com\/events\/#primaryimage"},"image":{"@id":"https:\/\/www.compomill.com\/events\/#primaryimage"},"thumbnailUrl":"https:\/\/www.compomill.com\/wp-content\/uploads\/Events-rund-300x202.png","datePublished":"2015-06-29T18:27:26+00:00","dateModified":"2021-03-22T10:53:05+00:00","breadcrumb":{"@id":"https:\/\/www.compomill.com\/events\/#breadcrumb"},"inLanguage":"sv-SE","potentialAction":[{"@type":"ReadAction","target":["https:\/\/www.compomill.com\/events\/"]}]},{"@type":"ImageObject","inLanguage":"sv-SE","@id":"https:\/\/www.compomill.com\/events\/#primaryimage","url":"https:\/\/www.compomill.com\/wp-content\/uploads\/Events-rund-300x202.png","contentUrl":"https:\/\/www.compomill.com\/wp-content\/uploads\/Events-rund-300x202.png"},{"@type":"BreadcrumbList","@id":"https:\/\/www.compomill.com\/events\/#breadcrumb","itemListElement":[{"@type":"ListItem","position":1,"name":"Home","item":"https:\/\/www.compomill.com\/"},{"@type":"ListItem","position":2,"name":"Events"}]},{"@type":"WebSite","@id":"https:\/\/www.compomill.com\/#website","url":"https:\/\/www.compomill.com\/","name":"Compomill","description":"","potentialAction":[{"@type":"SearchAction","target":{"@type":"EntryPoint","urlTemplate":"https:\/\/www.compomill.com\/?s={search_term_string}"},"query-input":"required name=search_term_string"}],"inLanguage":"sv-SE"}]}},"_links":{"self":[{"href":"https:\/\/www.compomill.com\/sv\/wp-json\/wp\/v2\/pages\/19"}],"collection":[{"href":"https:\/\/www.compomill.com\/sv\/wp-json\/wp\/v2\/pages"}],"about":[{"href":"https:\/\/www.compomill.com\/sv\/wp-json\/wp\/v2\/types\/page"}],"author":[{"embeddable":true,"href":"https:\/\/www.compomill.com\/sv\/wp-json\/wp\/v2\/users\/1"}],"replies":[{"embeddable":true,"href":"https:\/\/www.compomill.com\/sv\/wp-json\/wp\/v2\/comments?post=19"}],"version-history":[{"count":0,"href":"https:\/\/www.compomill.com\/sv\/wp-json\/wp\/v2\/pages\/19\/revisions"}],"wp:attachment":[{"href":"https:\/\/www.compomill.com\/sv\/wp-json\/wp\/v2\/media?parent=19"}],"wp:term":[{"taxonomy":"category","embeddable":true,"href":"https:\/\/www.compomill.com\/sv\/wp-json\/wp\/v2\/categories?post=19"},{"taxonomy":"post_tag","embeddable":true,"href":"https:\/\/www.compomill.com\/sv\/wp-json\/wp\/v2\/tags?post=19"}],"curies":[{"name":"wp","href":"https:\/\/api.w.org\/{rel}","templated":true}]}}