{"id":10,"date":"2015-06-22T20:37:07","date_gmt":"2015-06-22T20:37:07","guid":{"rendered":"https:\/\/www.compomill.com\/?page_id=10"},"modified":"2020-02-10T12:52:36","modified_gmt":"2020-02-10T12:52:36","slug":"about","status":"publish","type":"page","link":"https:\/\/www.compomill.com\/sv\/about\/","title":{"rendered":"Om oss"},"content":{"rendered":"<p><\/p>\n<p style=\"text-align: justify;\">Compomill \u00e4r ett innovativt, branschledande handelsf\u00f6retag med ett starkt fokus p\u00e5 design-in av produkter och system. Vi utvecklar och erbjuder komponenter och testsystem till kunder som \u00e5terfinns bland flera stora varum\u00e4rken och industrier i Norden och Baltikum, framf\u00f6rallt inom telekom, f\u00f6rsvar, forskning och laboratorier samt inom m\u00e4t- och testomr\u00e5det. <img loading=\"lazy\" decoding=\"async\" class=\"size-medium wp-image-4881 alignright\" src=\"https:\/\/www.compomill.com\/wp-content\/uploads\/We-are-rund-300x276.png\" alt=\"\" width=\"300\" height=\"276\" srcset=\"https:\/\/www.compomill.com\/wp-content\/uploads\/We-are-rund-300x276.png 300w, https:\/\/www.compomill.com\/wp-content\/uploads\/We-are-rund-768x706.png 768w, https:\/\/www.compomill.com\/wp-content\/uploads\/We-are-rund-150x138.png 150w, https:\/\/www.compomill.com\/wp-content\/uploads\/We-are-rund.png 945w\" sizes=\"(max-width: 300px) 100vw, 300px\" \/><\/p>\n<p style=\"text-align: justify;\">Med v\u00e5r kundn\u00e4ra produktutveckling och professionella tj\u00e4nsteutbud levererar vi l\u00f6sningar som m\u00f6ter h\u00f6gt st\u00e4llda krav p\u00e5 b\u00e5de teknisk prestanda och design.<\/p>\n<p><\/p>","protected":false},"excerpt":{"rendered":"<p>Compomill \u00e4r ett innovativt, branschledande handelsf\u00f6retag med ett starkt fokus p\u00e5 design-in av produkter och system. Vi utvecklar och erbjuder komponenter och testsystem till kunder som \u00e5terfinns bland flera stora varum\u00e4rken och industrier i Norden och Baltikum, framf\u00f6rallt inom telekom, f\u00f6rsvar, forskning och laboratorier samt inom m\u00e4t- och testomr\u00e5det. Med\u2026<\/p>\n<p> <a class=\"continue-reading-link\" href=\"https:\/\/www.compomill.com\/sv\/about\/\"><span>Continue reading<\/span><i class=\"crycon-right-dir\"><\/i><\/a><\/p>\n","protected":false},"author":1,"featured_media":0,"parent":0,"menu_order":4,"comment_status":"closed","ping_status":"closed","template":"templates\/template-twocolumns-right.php","meta":{"footnotes":""},"categories":[44],"tags":[],"class_list":["post-10","page","type-page","status-publish","hentry","category-about-us"],"yoast_head":"<!-- This site is optimized with the Yoast SEO plugin v23.0 - https:\/\/yoast.com\/wordpress\/plugins\/seo\/ -->\n<title>Om oss - Compomill<\/title>\n<meta name=\"robots\" content=\"index, follow, max-snippet:-1, max-image-preview:large, max-video-preview:-1\" \/>\n<link rel=\"canonical\" href=\"https:\/\/www.compomill.com\/sv\/about\/\" \/>\n<meta property=\"og:locale\" content=\"sv_SE\" \/>\n<meta property=\"og:type\" content=\"article\" \/>\n<meta property=\"og:title\" content=\"[:en]About us[:sv]Om oss[:fi]Meist\u00e4[:] - Compomill\" \/>\n<meta property=\"og:description\" content=\"Compomill \u00e4r ett innovativt, branschledande handelsf\u00f6retag med ett starkt fokus p\u00e5 design-in av produkter och system. Vi utvecklar och erbjuder komponenter och testsystem till kunder som \u00e5terfinns bland flera stora varum\u00e4rken och industrier i Norden och Baltikum, framf\u00f6rallt inom telekom, f\u00f6rsvar, forskning och laboratorier samt inom m\u00e4t- och testomr\u00e5det. Med\u2026 Continue reading\" \/>\n<meta property=\"og:url\" content=\"https:\/\/www.compomill.com\/sv\/about\/\" \/>\n<meta property=\"og:site_name\" content=\"Compomill\" \/>\n<meta property=\"article:modified_time\" content=\"2020-02-10T12:52:36+00:00\" \/>\n<meta property=\"og:image\" content=\"https:\/\/www.compomill.com\/wp-content\/uploads\/We-are-rund-300x276.png\" \/>\n<meta name=\"twitter:card\" content=\"summary_large_image\" \/>\n<meta name=\"twitter:label1\" content=\"Ber\u00e4knad l\u00e4stid\" \/>\n\t<meta name=\"twitter:data1\" content=\"1 minut\" \/>\n<script type=\"application\/ld+json\" class=\"yoast-schema-graph\">{\"@context\":\"https:\/\/schema.org\",\"@graph\":[{\"@type\":\"WebPage\",\"@id\":\"https:\/\/www.compomill.com\/sv\/about\/\",\"url\":\"https:\/\/www.compomill.com\/sv\/about\/\",\"name\":\"[:en]About us[:sv]Om oss[:fi]Meist\u00e4[:] - Compomill\",\"isPartOf\":{\"@id\":\"https:\/\/www.compomill.com\/#website\"},\"primaryImageOfPage\":{\"@id\":\"https:\/\/www.compomill.com\/sv\/about\/#primaryimage\"},\"image\":{\"@id\":\"https:\/\/www.compomill.com\/sv\/about\/#primaryimage\"},\"thumbnailUrl\":\"https:\/\/www.compomill.com\/wp-content\/uploads\/We-are-rund-300x276.png\",\"datePublished\":\"2015-06-22T20:37:07+00:00\",\"dateModified\":\"2020-02-10T12:52:36+00:00\",\"breadcrumb\":{\"@id\":\"https:\/\/www.compomill.com\/sv\/about\/#breadcrumb\"},\"inLanguage\":\"sv-SE\",\"potentialAction\":[{\"@type\":\"ReadAction\",\"target\":[\"https:\/\/www.compomill.com\/sv\/about\/\"]}]},{\"@type\":\"ImageObject\",\"inLanguage\":\"sv-SE\",\"@id\":\"https:\/\/www.compomill.com\/sv\/about\/#primaryimage\",\"url\":\"https:\/\/www.compomill.com\/wp-content\/uploads\/We-are-rund-300x276.png\",\"contentUrl\":\"https:\/\/www.compomill.com\/wp-content\/uploads\/We-are-rund-300x276.png\"},{\"@type\":\"BreadcrumbList\",\"@id\":\"https:\/\/www.compomill.com\/sv\/about\/#breadcrumb\",\"itemListElement\":[{\"@type\":\"ListItem\",\"position\":1,\"name\":\"Home\",\"item\":\"https:\/\/www.compomill.com\/\"},{\"@type\":\"ListItem\",\"position\":2,\"name\":\"About us\"}]},{\"@type\":\"WebSite\",\"@id\":\"https:\/\/www.compomill.com\/#website\",\"url\":\"https:\/\/www.compomill.com\/\",\"name\":\"Compomill\",\"description\":\"\",\"potentialAction\":[{\"@type\":\"SearchAction\",\"target\":{\"@type\":\"EntryPoint\",\"urlTemplate\":\"https:\/\/www.compomill.com\/?s={search_term_string}\"},\"query-input\":\"required name=search_term_string\"}],\"inLanguage\":\"sv-SE\"}]}<\/script>\n<!-- \/ Yoast SEO plugin. -->","yoast_head_json":{"title":"[:en]About us[:sv]Om oss[:fi]Meist\u00e4[:] - Compomill","robots":{"index":"index","follow":"follow","max-snippet":"max-snippet:-1","max-image-preview":"max-image-preview:large","max-video-preview":"max-video-preview:-1"},"canonical":"https:\/\/www.compomill.com\/sv\/about\/","og_locale":"sv_SE","og_type":"article","og_title":"[:en]About us[:sv]Om oss[:fi]Meist\u00e4[:] - Compomill","og_description":"Compomill \u00e4r ett innovativt, branschledande handelsf\u00f6retag med ett starkt fokus p\u00e5 design-in av produkter och system. Vi utvecklar och erbjuder komponenter och testsystem till kunder som \u00e5terfinns bland flera stora varum\u00e4rken och industrier i Norden och Baltikum, framf\u00f6rallt inom telekom, f\u00f6rsvar, forskning och laboratorier samt inom m\u00e4t- och testomr\u00e5det. Med\u2026 Continue reading","og_url":"https:\/\/www.compomill.com\/sv\/about\/","og_site_name":"Compomill","article_modified_time":"2020-02-10T12:52:36+00:00","og_image":[{"url":"https:\/\/www.compomill.com\/wp-content\/uploads\/We-are-rund-300x276.png"}],"twitter_card":"summary_large_image","twitter_misc":{"Ber\u00e4knad l\u00e4stid":"1 minut"},"schema":{"@context":"https:\/\/schema.org","@graph":[{"@type":"WebPage","@id":"https:\/\/www.compomill.com\/sv\/about\/","url":"https:\/\/www.compomill.com\/sv\/about\/","name":"[:en]About us[:sv]Om oss[:fi]Meist\u00e4[:] - Compomill","isPartOf":{"@id":"https:\/\/www.compomill.com\/#website"},"primaryImageOfPage":{"@id":"https:\/\/www.compomill.com\/sv\/about\/#primaryimage"},"image":{"@id":"https:\/\/www.compomill.com\/sv\/about\/#primaryimage"},"thumbnailUrl":"https:\/\/www.compomill.com\/wp-content\/uploads\/We-are-rund-300x276.png","datePublished":"2015-06-22T20:37:07+00:00","dateModified":"2020-02-10T12:52:36+00:00","breadcrumb":{"@id":"https:\/\/www.compomill.com\/sv\/about\/#breadcrumb"},"inLanguage":"sv-SE","potentialAction":[{"@type":"ReadAction","target":["https:\/\/www.compomill.com\/sv\/about\/"]}]},{"@type":"ImageObject","inLanguage":"sv-SE","@id":"https:\/\/www.compomill.com\/sv\/about\/#primaryimage","url":"https:\/\/www.compomill.com\/wp-content\/uploads\/We-are-rund-300x276.png","contentUrl":"https:\/\/www.compomill.com\/wp-content\/uploads\/We-are-rund-300x276.png"},{"@type":"BreadcrumbList","@id":"https:\/\/www.compomill.com\/sv\/about\/#breadcrumb","itemListElement":[{"@type":"ListItem","position":1,"name":"Home","item":"https:\/\/www.compomill.com\/"},{"@type":"ListItem","position":2,"name":"About us"}]},{"@type":"WebSite","@id":"https:\/\/www.compomill.com\/#website","url":"https:\/\/www.compomill.com\/","name":"Compomill","description":"","potentialAction":[{"@type":"SearchAction","target":{"@type":"EntryPoint","urlTemplate":"https:\/\/www.compomill.com\/?s={search_term_string}"},"query-input":"required name=search_term_string"}],"inLanguage":"sv-SE"}]}},"_links":{"self":[{"href":"https:\/\/www.compomill.com\/sv\/wp-json\/wp\/v2\/pages\/10"}],"collection":[{"href":"https:\/\/www.compomill.com\/sv\/wp-json\/wp\/v2\/pages"}],"about":[{"href":"https:\/\/www.compomill.com\/sv\/wp-json\/wp\/v2\/types\/page"}],"author":[{"embeddable":true,"href":"https:\/\/www.compomill.com\/sv\/wp-json\/wp\/v2\/users\/1"}],"replies":[{"embeddable":true,"href":"https:\/\/www.compomill.com\/sv\/wp-json\/wp\/v2\/comments?post=10"}],"version-history":[{"count":0,"href":"https:\/\/www.compomill.com\/sv\/wp-json\/wp\/v2\/pages\/10\/revisions"}],"wp:attachment":[{"href":"https:\/\/www.compomill.com\/sv\/wp-json\/wp\/v2\/media?parent=10"}],"wp:term":[{"taxonomy":"category","embeddable":true,"href":"https:\/\/www.compomill.com\/sv\/wp-json\/wp\/v2\/categories?post=10"},{"taxonomy":"post_tag","embeddable":true,"href":"https:\/\/www.compomill.com\/sv\/wp-json\/wp\/v2\/tags?post=10"}],"curies":[{"name":"wp","href":"https:\/\/api.w.org\/{rel}","templated":true}]}}