{"id":426,"date":"2015-09-08T20:03:11","date_gmt":"2015-09-08T20:03:11","guid":{"rendered":"https:\/\/www.compomill.com\/?page_id=426"},"modified":"2019-12-11T15:32:50","modified_gmt":"2019-12-11T15:32:50","slug":"our-offices","status":"publish","type":"page","link":"https:\/\/www.compomill.com\/fi\/about\/our-offices\/","title":{"rendered":"Toimipaikat"},"content":{"rendered":"<p><\/p>\n<hr \/>\n<table class=\" alignright\">\n<tbody class=\"responsive-table\">\n<tr>\n<td style=\"width: 220px;\"><img loading=\"lazy\" decoding=\"async\" class=\"alignnone wp-image-4718 size-medium\" src=\"https:\/\/www.compomill.com\/wp-content\/uploads\/Stockholm-1-300x170.jpg\" alt=\"\" width=\"300\" height=\"170\" srcset=\"https:\/\/www.compomill.com\/wp-content\/uploads\/Stockholm-1.jpg 300w, https:\/\/www.compomill.com\/wp-content\/uploads\/Stockholm-1-150x85.jpg 150w\" sizes=\"(max-width: 300px) 100vw, 300px\" \/><\/td>\n<td>\n<h5>Stockholm<\/h5>\n<p><span style=\"font-size: 14pt;\"><strong>Head office<\/strong><\/span> &#8211; Sales, customer service, finance, logistics\u00a0&amp; warehouse<\/p>\n<p>Phone +46 8 594 111 50<br \/>\nFax +46 8 594 211 60<\/p>\n<p>sales(at)compomill.com (sales)<br \/>\ninfo(at)compomill.com (other)<\/td>\n<\/tr>\n<\/tbody>\n<\/table>\n<table cellspacing=\"0\" cellpadding=\"0\">\n<tbody>\n<tr>\n<td><strong><span style=\"font-size: 12pt;\"><span style=\"text-decoration-line: underline;\">Postal address:<\/span> <\/span><\/strong><\/td>\n<td><strong><span style=\"text-decoration-line: underline;\"><span style=\"font-size: 12pt;\">Delivery and Visiting address:<\/span><\/span><\/strong><\/td>\n<\/tr>\n<tr>\n<td><span style=\"font-size: 12pt;\">Compomill Nordic Components<\/span><\/td>\n<td><span style=\"font-size: 12pt;\">Compomill Nordic Components<\/span><\/td>\n<\/tr>\n<tr>\n<td><span style=\"font-size: 12pt;\">Box 4<\/span><\/td>\n<td><span style=\"font-size: 12pt;\">Dragonv\u00e4gen 42<\/span><\/td>\n<\/tr>\n<tr>\n<td><span style=\"font-size: 12pt;\">194 21 Upplands V\u00e4sby<\/span><\/td>\n<td><span style=\"font-size: 12pt;\">194 33 Upplands V\u00e4sby<\/span><\/td>\n<\/tr>\n<tr>\n<td><span style=\"font-size: 12pt;\">SWEDEN<\/span><\/td>\n<td><span style=\"font-size: 12pt;\">SWEDEN<\/span><\/td>\n<\/tr>\n<\/tbody>\n<\/table>\n<hr \/>\n<table>\n<tbody class=\"responsive-table\">\n<tr>\n<td style=\"width: 220px;\"><img loading=\"lazy\" decoding=\"async\" class=\"alignnone wp-image-4719 size-medium\" src=\"https:\/\/www.compomill.com\/wp-content\/uploads\/Malm\u00f6-1-300x170.png\" alt=\"\" width=\"300\" height=\"170\" srcset=\"https:\/\/www.compomill.com\/wp-content\/uploads\/Malm\u00f6-1.png 300w, https:\/\/www.compomill.com\/wp-content\/uploads\/Malm\u00f6-1-150x85.png 150w\" sizes=\"(max-width: 300px) 100vw, 300px\" \/><\/td>\n<td>\n<h5>Malmo<\/h5>\n<p><strong><span style=\"font-size: 14pt;\">Sales office<\/span><\/strong><\/p>\n<p>V\u00e4stra Kanalgatan 1<br \/>\n211 43 Malm\u00f6<br \/>\nSWEDEN<\/p>\n<p>+46 755 55 66 11<br \/>\n+45\u00a02811 7631<br \/>\nsales(at)compomill.com<\/td>\n<\/tr>\n<\/tbody>\n<\/table>\n<hr \/>\n<table>\n<tbody class=\"responsive-table\">\n<tr>\n<td style=\"width: 220px;\"><img loading=\"lazy\" decoding=\"async\" class=\"alignnone wp-image-4716 size-medium\" src=\"https:\/\/www.compomill.com\/wp-content\/uploads\/G\u00f6teborg-1-300x170.png\" alt=\"\" width=\"300\" height=\"170\" srcset=\"https:\/\/www.compomill.com\/wp-content\/uploads\/G\u00f6teborg-1.png 300w, https:\/\/www.compomill.com\/wp-content\/uploads\/G\u00f6teborg-1-150x85.png 150w\" sizes=\"(max-width: 300px) 100vw, 300px\" \/><\/td>\n<td>\n<h5>Gothenburg<\/h5>\n<p><span style=\"font-size: 14pt;\"><strong>Sales office<br \/>\n<\/strong><\/span><\/p>\n<p>Fl\u00f6jelbergsgatan 8B<br \/>\n431 37 M\u00f6lndal<br \/>\nSWEDEN<\/p>\n<p>+46 31 733 21 50<br \/>\nsales(at)compomill.com<\/td>\n<\/tr>\n<\/tbody>\n<\/table>\n<hr \/>\n<p>&nbsp;<\/p>\n<table>\n<tbody class=\"responsive-table\">\n<tr>\n<td style=\"width: 220px;\"><img loading=\"lazy\" decoding=\"async\" class=\"alignnone wp-image-4717 size-medium\" src=\"https:\/\/www.compomill.com\/wp-content\/uploads\/Helsinki-300x170.jpg\" alt=\"\" width=\"300\" height=\"170\" srcset=\"https:\/\/www.compomill.com\/wp-content\/uploads\/Helsinki.jpg 300w, https:\/\/www.compomill.com\/wp-content\/uploads\/Helsinki-150x85.jpg 150w\" sizes=\"(max-width: 300px) 100vw, 300px\" \/><\/td>\n<td>\n<h5>Helsinki<\/h5>\n<p><span style=\"font-size: 14pt;\"><strong>Sales office<\/strong><\/span><\/p>\n<p>L\u00e4kkisep\u00e4nkuja 7<br \/>\n00620 Helsinki<br \/>\nFINLAND<\/p>\n<p>+358 9 524 470<br \/>\nsales(at)compomill.com<\/td>\n<\/tr>\n<\/tbody>\n<\/table>\n<hr \/>\n<p>&nbsp;<\/p>","protected":false},"excerpt":{"rendered":"<p>Stockholm Head office &#8211; Sales, customer service, finance, logistics\u00a0&amp; warehouse Phone +46 8 594 111 50 Fax +46 8 594 211 60 sales(at)compomill.com (sales) info(at)compomill.com (other) Postal address: Delivery and Visiting address: Compomill Nordic Components Compomill Nordic Components Box 4 Dragonv\u00e4gen 42 194 21 Upplands V\u00e4sby 194 33 Upplands V\u00e4sby\u2026<\/p>\n<p> <a class=\"continue-reading-link\" href=\"https:\/\/www.compomill.com\/fi\/about\/our-offices\/\"><span>Continue reading<\/span><i class=\"crycon-right-dir\"><\/i><\/a><\/p>\n","protected":false},"author":1,"featured_media":0,"parent":10,"menu_order":7,"comment_status":"closed","ping_status":"closed","template":"templates\/template-twocolumns-right.php","meta":{"footnotes":""},"categories":[44],"tags":[],"class_list":["post-426","page","type-page","status-publish","hentry","category-about-us"],"yoast_head":"<!-- This site is optimized with the Yoast SEO plugin v23.0 - https:\/\/yoast.com\/wordpress\/plugins\/seo\/ -->\n<title>Toimipaikat - Compomill<\/title>\n<meta name=\"robots\" content=\"index, follow, max-snippet:-1, max-image-preview:large, max-video-preview:-1\" \/>\n<link rel=\"canonical\" href=\"https:\/\/www.compomill.com\/sv\/about\/our-offices\/\" \/>\n<meta property=\"og:locale\" content=\"fi_FI\" \/>\n<meta property=\"og:type\" content=\"article\" \/>\n<meta property=\"og:title\" content=\"[:en]Our offices[:sv]V\u00e5ra kontor[:fi]Toimipaikat[:] - Compomill\" \/>\n<meta property=\"og:description\" content=\"Stockholm Head office &#8211; Sales, customer service, finance, logistics\u00a0&amp; warehouse Phone +46 8 594 111 50 Fax +46 8 594 211 60 sales(at)compomill.com (sales) info(at)compomill.com (other) Postal address: Delivery and Visiting address: Compomill Nordic Components Compomill Nordic Components Box 4 Dragonv\u00e4gen 42 194 21 Upplands V\u00e4sby 194 33 Upplands V\u00e4sby\u2026 Continue reading\" \/>\n<meta property=\"og:url\" content=\"https:\/\/www.compomill.com\/sv\/about\/our-offices\/\" \/>\n<meta property=\"og:site_name\" content=\"Compomill\" \/>\n<meta property=\"article:modified_time\" content=\"2019-12-11T15:32:50+00:00\" \/>\n<meta property=\"og:image\" content=\"https:\/\/www.compomill.com\/wp-content\/uploads\/Stockholm-1-300x170.jpg\" \/>\n<meta name=\"twitter:card\" content=\"summary_large_image\" \/>\n<meta name=\"twitter:label1\" content=\"Est. reading time\" \/>\n\t<meta name=\"twitter:data1\" content=\"1 minute\" \/>\n<script type=\"application\/ld+json\" class=\"yoast-schema-graph\">{\"@context\":\"https:\/\/schema.org\",\"@graph\":[{\"@type\":\"WebPage\",\"@id\":\"https:\/\/www.compomill.com\/sv\/about\/our-offices\/\",\"url\":\"https:\/\/www.compomill.com\/sv\/about\/our-offices\/\",\"name\":\"[:en]Our offices[:sv]V\u00e5ra kontor[:fi]Toimipaikat[:] - Compomill\",\"isPartOf\":{\"@id\":\"https:\/\/www.compomill.com\/#website\"},\"primaryImageOfPage\":{\"@id\":\"https:\/\/www.compomill.com\/sv\/about\/our-offices\/#primaryimage\"},\"image\":{\"@id\":\"https:\/\/www.compomill.com\/sv\/about\/our-offices\/#primaryimage\"},\"thumbnailUrl\":\"https:\/\/www.compomill.com\/wp-content\/uploads\/Stockholm-1-300x170.jpg\",\"datePublished\":\"2015-09-08T20:03:11+00:00\",\"dateModified\":\"2019-12-11T15:32:50+00:00\",\"breadcrumb\":{\"@id\":\"https:\/\/www.compomill.com\/sv\/about\/our-offices\/#breadcrumb\"},\"inLanguage\":\"fi-FI\",\"potentialAction\":[{\"@type\":\"ReadAction\",\"target\":[\"https:\/\/www.compomill.com\/sv\/about\/our-offices\/\"]}]},{\"@type\":\"ImageObject\",\"inLanguage\":\"fi-FI\",\"@id\":\"https:\/\/www.compomill.com\/sv\/about\/our-offices\/#primaryimage\",\"url\":\"https:\/\/www.compomill.com\/wp-content\/uploads\/Stockholm-1-300x170.jpg\",\"contentUrl\":\"https:\/\/www.compomill.com\/wp-content\/uploads\/Stockholm-1-300x170.jpg\"},{\"@type\":\"BreadcrumbList\",\"@id\":\"https:\/\/www.compomill.com\/sv\/about\/our-offices\/#breadcrumb\",\"itemListElement\":[{\"@type\":\"ListItem\",\"position\":1,\"name\":\"Home\",\"item\":\"https:\/\/www.compomill.com\/\"},{\"@type\":\"ListItem\",\"position\":2,\"name\":\"About us\",\"item\":\"https:\/\/www.compomill.com\/sv\/about\/\"},{\"@type\":\"ListItem\",\"position\":3,\"name\":\"Our offices\"}]},{\"@type\":\"WebSite\",\"@id\":\"https:\/\/www.compomill.com\/#website\",\"url\":\"https:\/\/www.compomill.com\/\",\"name\":\"Compomill\",\"description\":\"\",\"potentialAction\":[{\"@type\":\"SearchAction\",\"target\":{\"@type\":\"EntryPoint\",\"urlTemplate\":\"https:\/\/www.compomill.com\/?s={search_term_string}\"},\"query-input\":\"required name=search_term_string\"}],\"inLanguage\":\"fi-FI\"}]}<\/script>\n<!-- \/ Yoast SEO plugin. -->","yoast_head_json":{"title":"[:en]Our offices[:sv]V\u00e5ra kontor[:fi]Toimipaikat[:] - Compomill","robots":{"index":"index","follow":"follow","max-snippet":"max-snippet:-1","max-image-preview":"max-image-preview:large","max-video-preview":"max-video-preview:-1"},"canonical":"https:\/\/www.compomill.com\/sv\/about\/our-offices\/","og_locale":"fi_FI","og_type":"article","og_title":"[:en]Our offices[:sv]V\u00e5ra kontor[:fi]Toimipaikat[:] - Compomill","og_description":"Stockholm Head office &#8211; Sales, customer service, finance, logistics\u00a0&amp; warehouse Phone +46 8 594 111 50 Fax +46 8 594 211 60 sales(at)compomill.com (sales) info(at)compomill.com (other) Postal address: Delivery and Visiting address: Compomill Nordic Components Compomill Nordic Components Box 4 Dragonv\u00e4gen 42 194 21 Upplands V\u00e4sby 194 33 Upplands V\u00e4sby\u2026 Continue reading","og_url":"https:\/\/www.compomill.com\/sv\/about\/our-offices\/","og_site_name":"Compomill","article_modified_time":"2019-12-11T15:32:50+00:00","og_image":[{"url":"https:\/\/www.compomill.com\/wp-content\/uploads\/Stockholm-1-300x170.jpg"}],"twitter_card":"summary_large_image","twitter_misc":{"Est. reading time":"1 minute"},"schema":{"@context":"https:\/\/schema.org","@graph":[{"@type":"WebPage","@id":"https:\/\/www.compomill.com\/sv\/about\/our-offices\/","url":"https:\/\/www.compomill.com\/sv\/about\/our-offices\/","name":"[:en]Our offices[:sv]V\u00e5ra kontor[:fi]Toimipaikat[:] - Compomill","isPartOf":{"@id":"https:\/\/www.compomill.com\/#website"},"primaryImageOfPage":{"@id":"https:\/\/www.compomill.com\/sv\/about\/our-offices\/#primaryimage"},"image":{"@id":"https:\/\/www.compomill.com\/sv\/about\/our-offices\/#primaryimage"},"thumbnailUrl":"https:\/\/www.compomill.com\/wp-content\/uploads\/Stockholm-1-300x170.jpg","datePublished":"2015-09-08T20:03:11+00:00","dateModified":"2019-12-11T15:32:50+00:00","breadcrumb":{"@id":"https:\/\/www.compomill.com\/sv\/about\/our-offices\/#breadcrumb"},"inLanguage":"fi-FI","potentialAction":[{"@type":"ReadAction","target":["https:\/\/www.compomill.com\/sv\/about\/our-offices\/"]}]},{"@type":"ImageObject","inLanguage":"fi-FI","@id":"https:\/\/www.compomill.com\/sv\/about\/our-offices\/#primaryimage","url":"https:\/\/www.compomill.com\/wp-content\/uploads\/Stockholm-1-300x170.jpg","contentUrl":"https:\/\/www.compomill.com\/wp-content\/uploads\/Stockholm-1-300x170.jpg"},{"@type":"BreadcrumbList","@id":"https:\/\/www.compomill.com\/sv\/about\/our-offices\/#breadcrumb","itemListElement":[{"@type":"ListItem","position":1,"name":"Home","item":"https:\/\/www.compomill.com\/"},{"@type":"ListItem","position":2,"name":"About us","item":"https:\/\/www.compomill.com\/sv\/about\/"},{"@type":"ListItem","position":3,"name":"Our offices"}]},{"@type":"WebSite","@id":"https:\/\/www.compomill.com\/#website","url":"https:\/\/www.compomill.com\/","name":"Compomill","description":"","potentialAction":[{"@type":"SearchAction","target":{"@type":"EntryPoint","urlTemplate":"https:\/\/www.compomill.com\/?s={search_term_string}"},"query-input":"required name=search_term_string"}],"inLanguage":"fi-FI"}]}},"_links":{"self":[{"href":"https:\/\/www.compomill.com\/fi\/wp-json\/wp\/v2\/pages\/426"}],"collection":[{"href":"https:\/\/www.compomill.com\/fi\/wp-json\/wp\/v2\/pages"}],"about":[{"href":"https:\/\/www.compomill.com\/fi\/wp-json\/wp\/v2\/types\/page"}],"author":[{"embeddable":true,"href":"https:\/\/www.compomill.com\/fi\/wp-json\/wp\/v2\/users\/1"}],"replies":[{"embeddable":true,"href":"https:\/\/www.compomill.com\/fi\/wp-json\/wp\/v2\/comments?post=426"}],"version-history":[{"count":0,"href":"https:\/\/www.compomill.com\/fi\/wp-json\/wp\/v2\/pages\/426\/revisions"}],"up":[{"embeddable":true,"href":"https:\/\/www.compomill.com\/fi\/wp-json\/wp\/v2\/pages\/10"}],"wp:attachment":[{"href":"https:\/\/www.compomill.com\/fi\/wp-json\/wp\/v2\/media?parent=426"}],"wp:term":[{"taxonomy":"category","embeddable":true,"href":"https:\/\/www.compomill.com\/fi\/wp-json\/wp\/v2\/categories?post=426"},{"taxonomy":"post_tag","embeddable":true,"href":"https:\/\/www.compomill.com\/fi\/wp-json\/wp\/v2\/tags?post=426"}],"curies":[{"name":"wp","href":"https:\/\/api.w.org\/{rel}","templated":true}]}}