{"id":267,"date":"2015-08-25T20:00:06","date_gmt":"2015-08-25T20:00:06","guid":{"rendered":"https:\/\/www.compomill.com\/?page_id=267"},"modified":"2022-01-26T13:34:47","modified_gmt":"2022-01-26T13:34:47","slug":"our-policies","status":"publish","type":"page","link":"https:\/\/www.compomill.com\/fi\/about\/our-policies\/","title":{"rendered":"Menettelytavat"},"content":{"rendered":"<p><\/p>\n<hr \/>\n<p style=\"text-align: justify;\"><img loading=\"lazy\" decoding=\"async\" class=\"wp-image-4755 alignright\" src=\"https:\/\/www.compomill.com\/wp-content\/uploads\/Policies-rund-300x178.png\" alt=\"\" width=\"391\" height=\"232\" srcset=\"https:\/\/www.compomill.com\/wp-content\/uploads\/Policies-rund-300x178.png 300w, https:\/\/www.compomill.com\/wp-content\/uploads\/Policies-rund-768x457.png 768w, https:\/\/www.compomill.com\/wp-content\/uploads\/Policies-rund-150x89.png 150w, https:\/\/www.compomill.com\/wp-content\/uploads\/Policies-rund.png 794w\" sizes=\"(max-width: 391px) 100vw, 391px\" \/><\/p>\n<p style=\"text-align: justify;\">Compomill toimittaa tuotteita ja palveluita, joiden tavoitteena on tuottaa lis\u00e4arvoa asiakkaillemme. Me asetamme korkeat vaatimukset niin laadulle ja palvelulle kuin tarjoamallemme teknisille ratkaisuille. Yrityksemme laatuj\u00e4rjestelm\u00e4 ja menettelytavat ohjaavat p\u00e4\u00e4t\u00f6ksi\u00e4mme ja sit\u00e4 miten hoidamme liiketoimintaamme, ja niit\u00e4 sovelletaan koko organisaatiossa.<\/p>\n<p style=\"text-align: justify;\">N\u00e4iden ohjeiden avulla haluamme luoda turvallisen ja terveellisen ty\u00f6paikan, suojella ymp\u00e4rist\u00f6\u00e4, k\u00e4ytt\u00e4\u00e4 resursseja tehokkaasti ja varmistaa, ett\u00e4 noudattamme lakeja ja alan s\u00e4\u00e4nt\u00f6j\u00e4 koko liiketoiminnassamme.<\/p>\n<p><strong><br \/>\nLue lis\u00e4\u00e4 menettelytavoistamme:<\/strong><\/p>\n<ul>\n<li><a href=\"https:\/\/www.compomill.com\/about\/our-policies\/environment\/\">Ymp\u00e4rist\u00f6<\/a><\/li>\n<\/ul>\n<ul>\n<li><a href=\"https:\/\/www.compomill.com\/about\/our-policies\/quality\/\">Laatu<\/a><\/li>\n<\/ul>\n<ul>\n<li><a href=\"https:\/\/www.compomill.com\/about\/our-policies\/compliance\/\">S\u00e4\u00e4nt\u00f6jen noudattaminen (Compliance)<\/a><\/li>\n<\/ul>\n<ul>\n<li><a href=\"https:\/\/www.compomill.com\/about\/our-policies\/ethics-and-safety\/\">Etiikka ja turvallisuus<\/a><\/li>\n<\/ul>\n<ul>\n<li><a href=\"https:\/\/www.compomill.com\/fi\/about\/our-policies\/rma\/\">RMA<\/a><\/li>\n<\/ul>\n<ul>\n<li><a href=\"https:\/\/www.compomill.com\/fi\/about\/our-policies\/gdpr\/\">GDPR<\/a><\/li>\n<li><a href=\"https:\/\/www.compomill.com\/about\/our-policies\/trace-certification\/\">TRACE certification\u00a0<\/a><\/li>\n<\/ul>\n<p><\/p>","protected":false},"excerpt":{"rendered":"<p>Compomill toimittaa tuotteita ja palveluita, joiden tavoitteena on tuottaa lis\u00e4arvoa asiakkaillemme. Me asetamme korkeat vaatimukset niin laadulle ja palvelulle kuin tarjoamallemme teknisille ratkaisuille. Yrityksemme laatuj\u00e4rjestelm\u00e4 ja menettelytavat ohjaavat p\u00e4\u00e4t\u00f6ksi\u00e4mme ja sit\u00e4 miten hoidamme liiketoimintaamme, ja niit\u00e4 sovelletaan koko organisaatiossa. N\u00e4iden ohjeiden avulla haluamme luoda turvallisen ja terveellisen ty\u00f6paikan, suojella ymp\u00e4rist\u00f6\u00e4,\u2026<\/p>\n<p> <a class=\"continue-reading-link\" href=\"https:\/\/www.compomill.com\/fi\/about\/our-policies\/\"><span>Continue reading<\/span><i class=\"crycon-right-dir\"><\/i><\/a><\/p>\n","protected":false},"author":1,"featured_media":0,"parent":10,"menu_order":4,"comment_status":"closed","ping_status":"closed","template":"templates\/template-twocolumns-right.php","meta":{"footnotes":""},"categories":[44],"tags":[],"class_list":["post-267","page","type-page","status-publish","hentry","category-about-us"],"yoast_head":"<!-- This site is optimized with the Yoast SEO plugin v23.0 - https:\/\/yoast.com\/wordpress\/plugins\/seo\/ -->\n<title>Menettelytavat - Compomill<\/title>\n<meta name=\"robots\" content=\"index, follow, max-snippet:-1, max-image-preview:large, max-video-preview:-1\" \/>\n<link rel=\"canonical\" href=\"https:\/\/www.compomill.com\/about\/our-policies\/\" \/>\n<meta property=\"og:locale\" content=\"fi_FI\" \/>\n<meta property=\"og:type\" content=\"article\" \/>\n<meta property=\"og:title\" content=\"[:en]Our policies[:sv]V\u00e5ra policies[:fi]Menettelytavat[:] - Compomill\" \/>\n<meta property=\"og:description\" content=\"Compomill toimittaa tuotteita ja palveluita, joiden tavoitteena on tuottaa lis\u00e4arvoa asiakkaillemme. Me asetamme korkeat vaatimukset niin laadulle ja palvelulle kuin tarjoamallemme teknisille ratkaisuille. Yrityksemme laatuj\u00e4rjestelm\u00e4 ja menettelytavat ohjaavat p\u00e4\u00e4t\u00f6ksi\u00e4mme ja sit\u00e4 miten hoidamme liiketoimintaamme, ja niit\u00e4 sovelletaan koko organisaatiossa. N\u00e4iden ohjeiden avulla haluamme luoda turvallisen ja terveellisen ty\u00f6paikan, suojella ymp\u00e4rist\u00f6\u00e4,\u2026 Continue reading\" \/>\n<meta property=\"og:url\" content=\"https:\/\/www.compomill.com\/about\/our-policies\/\" \/>\n<meta property=\"og:site_name\" content=\"Compomill\" \/>\n<meta property=\"article:modified_time\" content=\"2022-01-26T13:34:47+00:00\" \/>\n<meta property=\"og:image\" content=\"https:\/\/www.compomill.com\/wp-content\/uploads\/Policies-rund-300x178.png\" \/>\n<meta name=\"twitter:card\" content=\"summary_large_image\" \/>\n<meta name=\"twitter:label1\" content=\"Est. reading time\" \/>\n\t<meta name=\"twitter:data1\" content=\"1 minute\" \/>\n<script type=\"application\/ld+json\" class=\"yoast-schema-graph\">{\"@context\":\"https:\/\/schema.org\",\"@graph\":[{\"@type\":\"WebPage\",\"@id\":\"https:\/\/www.compomill.com\/about\/our-policies\/\",\"url\":\"https:\/\/www.compomill.com\/about\/our-policies\/\",\"name\":\"[:en]Our policies[:sv]V\u00e5ra policies[:fi]Menettelytavat[:] - Compomill\",\"isPartOf\":{\"@id\":\"https:\/\/www.compomill.com\/#website\"},\"primaryImageOfPage\":{\"@id\":\"https:\/\/www.compomill.com\/about\/our-policies\/#primaryimage\"},\"image\":{\"@id\":\"https:\/\/www.compomill.com\/about\/our-policies\/#primaryimage\"},\"thumbnailUrl\":\"https:\/\/www.compomill.com\/wp-content\/uploads\/Policies-rund-300x178.png\",\"datePublished\":\"2015-08-25T20:00:06+00:00\",\"dateModified\":\"2022-01-26T13:34:47+00:00\",\"breadcrumb\":{\"@id\":\"https:\/\/www.compomill.com\/about\/our-policies\/#breadcrumb\"},\"inLanguage\":\"fi-FI\",\"potentialAction\":[{\"@type\":\"ReadAction\",\"target\":[\"https:\/\/www.compomill.com\/about\/our-policies\/\"]}]},{\"@type\":\"ImageObject\",\"inLanguage\":\"fi-FI\",\"@id\":\"https:\/\/www.compomill.com\/about\/our-policies\/#primaryimage\",\"url\":\"https:\/\/www.compomill.com\/wp-content\/uploads\/Policies-rund-300x178.png\",\"contentUrl\":\"https:\/\/www.compomill.com\/wp-content\/uploads\/Policies-rund-300x178.png\"},{\"@type\":\"BreadcrumbList\",\"@id\":\"https:\/\/www.compomill.com\/about\/our-policies\/#breadcrumb\",\"itemListElement\":[{\"@type\":\"ListItem\",\"position\":1,\"name\":\"Home\",\"item\":\"https:\/\/www.compomill.com\/\"},{\"@type\":\"ListItem\",\"position\":2,\"name\":\"About us\",\"item\":\"https:\/\/www.compomill.com\/sv\/about\/\"},{\"@type\":\"ListItem\",\"position\":3,\"name\":\"Our policies\"}]},{\"@type\":\"WebSite\",\"@id\":\"https:\/\/www.compomill.com\/#website\",\"url\":\"https:\/\/www.compomill.com\/\",\"name\":\"Compomill\",\"description\":\"\",\"potentialAction\":[{\"@type\":\"SearchAction\",\"target\":{\"@type\":\"EntryPoint\",\"urlTemplate\":\"https:\/\/www.compomill.com\/?s={search_term_string}\"},\"query-input\":\"required name=search_term_string\"}],\"inLanguage\":\"fi-FI\"}]}<\/script>\n<!-- \/ Yoast SEO plugin. -->","yoast_head_json":{"title":"[:en]Our policies[:sv]V\u00e5ra policies[:fi]Menettelytavat[:] - Compomill","robots":{"index":"index","follow":"follow","max-snippet":"max-snippet:-1","max-image-preview":"max-image-preview:large","max-video-preview":"max-video-preview:-1"},"canonical":"https:\/\/www.compomill.com\/about\/our-policies\/","og_locale":"fi_FI","og_type":"article","og_title":"[:en]Our policies[:sv]V\u00e5ra policies[:fi]Menettelytavat[:] - Compomill","og_description":"Compomill toimittaa tuotteita ja palveluita, joiden tavoitteena on tuottaa lis\u00e4arvoa asiakkaillemme. Me asetamme korkeat vaatimukset niin laadulle ja palvelulle kuin tarjoamallemme teknisille ratkaisuille. Yrityksemme laatuj\u00e4rjestelm\u00e4 ja menettelytavat ohjaavat p\u00e4\u00e4t\u00f6ksi\u00e4mme ja sit\u00e4 miten hoidamme liiketoimintaamme, ja niit\u00e4 sovelletaan koko organisaatiossa. N\u00e4iden ohjeiden avulla haluamme luoda turvallisen ja terveellisen ty\u00f6paikan, suojella ymp\u00e4rist\u00f6\u00e4,\u2026 Continue reading","og_url":"https:\/\/www.compomill.com\/about\/our-policies\/","og_site_name":"Compomill","article_modified_time":"2022-01-26T13:34:47+00:00","og_image":[{"url":"https:\/\/www.compomill.com\/wp-content\/uploads\/Policies-rund-300x178.png"}],"twitter_card":"summary_large_image","twitter_misc":{"Est. reading time":"1 minute"},"schema":{"@context":"https:\/\/schema.org","@graph":[{"@type":"WebPage","@id":"https:\/\/www.compomill.com\/about\/our-policies\/","url":"https:\/\/www.compomill.com\/about\/our-policies\/","name":"[:en]Our policies[:sv]V\u00e5ra policies[:fi]Menettelytavat[:] - Compomill","isPartOf":{"@id":"https:\/\/www.compomill.com\/#website"},"primaryImageOfPage":{"@id":"https:\/\/www.compomill.com\/about\/our-policies\/#primaryimage"},"image":{"@id":"https:\/\/www.compomill.com\/about\/our-policies\/#primaryimage"},"thumbnailUrl":"https:\/\/www.compomill.com\/wp-content\/uploads\/Policies-rund-300x178.png","datePublished":"2015-08-25T20:00:06+00:00","dateModified":"2022-01-26T13:34:47+00:00","breadcrumb":{"@id":"https:\/\/www.compomill.com\/about\/our-policies\/#breadcrumb"},"inLanguage":"fi-FI","potentialAction":[{"@type":"ReadAction","target":["https:\/\/www.compomill.com\/about\/our-policies\/"]}]},{"@type":"ImageObject","inLanguage":"fi-FI","@id":"https:\/\/www.compomill.com\/about\/our-policies\/#primaryimage","url":"https:\/\/www.compomill.com\/wp-content\/uploads\/Policies-rund-300x178.png","contentUrl":"https:\/\/www.compomill.com\/wp-content\/uploads\/Policies-rund-300x178.png"},{"@type":"BreadcrumbList","@id":"https:\/\/www.compomill.com\/about\/our-policies\/#breadcrumb","itemListElement":[{"@type":"ListItem","position":1,"name":"Home","item":"https:\/\/www.compomill.com\/"},{"@type":"ListItem","position":2,"name":"About us","item":"https:\/\/www.compomill.com\/sv\/about\/"},{"@type":"ListItem","position":3,"name":"Our policies"}]},{"@type":"WebSite","@id":"https:\/\/www.compomill.com\/#website","url":"https:\/\/www.compomill.com\/","name":"Compomill","description":"","potentialAction":[{"@type":"SearchAction","target":{"@type":"EntryPoint","urlTemplate":"https:\/\/www.compomill.com\/?s={search_term_string}"},"query-input":"required name=search_term_string"}],"inLanguage":"fi-FI"}]}},"_links":{"self":[{"href":"https:\/\/www.compomill.com\/fi\/wp-json\/wp\/v2\/pages\/267"}],"collection":[{"href":"https:\/\/www.compomill.com\/fi\/wp-json\/wp\/v2\/pages"}],"about":[{"href":"https:\/\/www.compomill.com\/fi\/wp-json\/wp\/v2\/types\/page"}],"author":[{"embeddable":true,"href":"https:\/\/www.compomill.com\/fi\/wp-json\/wp\/v2\/users\/1"}],"replies":[{"embeddable":true,"href":"https:\/\/www.compomill.com\/fi\/wp-json\/wp\/v2\/comments?post=267"}],"version-history":[{"count":0,"href":"https:\/\/www.compomill.com\/fi\/wp-json\/wp\/v2\/pages\/267\/revisions"}],"up":[{"embeddable":true,"href":"https:\/\/www.compomill.com\/fi\/wp-json\/wp\/v2\/pages\/10"}],"wp:attachment":[{"href":"https:\/\/www.compomill.com\/fi\/wp-json\/wp\/v2\/media?parent=267"}],"wp:term":[{"taxonomy":"category","embeddable":true,"href":"https:\/\/www.compomill.com\/fi\/wp-json\/wp\/v2\/categories?post=267"},{"taxonomy":"post_tag","embeddable":true,"href":"https:\/\/www.compomill.com\/fi\/wp-json\/wp\/v2\/tags?post=267"}],"curies":[{"name":"wp","href":"https:\/\/api.w.org\/{rel}","templated":true}]}}